{"id":2629,"date":"2025-02-12T11:42:16","date_gmt":"2025-02-12T10:42:16","guid":{"rendered":"https:\/\/znackarna.xyz\/uvod\/"},"modified":"2025-03-04T11:42:23","modified_gmt":"2025-03-04T10:42:23","slug":"uvod","status":"publish","type":"page","link":"https:\/\/znackarna.xyz\/cs\/","title":{"rendered":"\u00davod"},"content":{"rendered":"<p><strong>V\u00edtejte v  Knowledge base<\/strong><\/p>\n\n\n\n<p>Zde najdete v\u0161echny pot\u0159ebn\u00e9 informace o pou\u017e\u00edv\u00e1n\u00ed na\u0161eho cloudov\u00e9ho port\u00e1lu a mobiln\u00ed aplikace. Projd\u011bte si <strong><a href=\"\/cs\/funkce-portalu\/\" data-type=\"post\" data-id=\"63\">funkce port\u00e1lu<\/a><\/strong> a zjist\u00edte, jak je co nejefektivn\u011bji pou\u017e\u00edvat, a v sekci <strong><a href=\"\/cs\/konfigurace-portalu\/\" data-type=\"post\" data-id=\"93\">konfigurace port\u00e1lu<\/a><\/strong> zjist\u00edte, jak je nakonfigurovat pro v\u00edce personalizovan\u00fd p\u0159\u00edstup. Pokud chcete m\u00edt p\u0159\u00edstup ke sv\u00fdm kamer\u00e1m v telefonu, sta\u010d\u00ed si st\u00e1hnout na\u0161i mobiln\u00ed aplikaci a v p\u0159\u00edpad\u011b, \u017ee budete pot\u0159ebovat pomoc, projd\u011bte si str\u00e1nku <strong><a href=\"\/cs\/mobilni-aplikace\/\" data-type=\"post\" data-id=\"85\">mobiln\u00ed aplikace<\/a><\/strong>. Pro pokro\u010dilej\u0161\u00ed u\u017eivatele nab\u00edz\u00edme <strong><a href=\"\/cs\/sprava-api\/\" data-type=\"post\" data-id=\"89\">Spr\u00e1vu API<\/a><\/strong>.<\/p>\n\n\n\n<p>Cloudov\u00fd port\u00e1l a mobiln\u00ed aplikace jsou intuitivn\u00ed. P\u0159i pou\u017e\u00edv\u00e1n\u00ed port\u00e1lu m\u016f\u017eete stisknut\u00edm tla\u010d\u00edtka <i class=\"far fa-circle-question\"><\/i> p\u0159ej\u00edt na p\u0159\u00edslu\u0161nou str\u00e1nku n\u00e1pov\u011bdy.<\/p>\n\n\n\n<p>Pokud jste <strong>nov\u00fd u\u017eivatel<\/strong>, doporu\u010dujeme v\u00e1m za\u010d\u00edt s na\u0161\u00ed str\u00e1nkou <strong><a href=\"\/cs\/zaciname\/\" data-type=\"link\" data-id=\"https:\/\/znackarna.xyz\/getting-started\/\">Za\u010d\u00edn\u00e1me<\/a><\/strong>, abyste se sezn\u00e1mili se z\u00e1klady p\u0159ipojen\u00ed a nastaven\u00ed sv\u00e9 prvn\u00ed kamery.<\/p>\n\n\n\n<h4 class=\"wp-block-heading\" id=\"o-spolecnosti-survilla\"><strong>O spole\u010dnosti Survilla<\/strong><\/h4>\n\n\n\n<p>Na\u0161e cloudov\u00e9 \u0159e\u0161en\u00ed vyu\u017e\u00edv\u00e1 Survilla cloud, co\u017e je <strong>centr\u00e1ln\u00ed platforma, ke kter\u00e9 se va\u0161e za\u0159\u00edzen\u00ed p\u0159ipojuj\u00ed<\/strong>. Cloudov\u00e1 platforma zaji\u0161\u0165uje p\u0159ipojen\u00ed IP kamer bez slo\u017eit\u00e9 konfigurace a z\u00e1rove\u0148 monitoruje jejich spr\u00e1vnou funk\u010dnost.<\/p>\n\n\n\n<p>Platforma tak\u00e9 poskytuje:<\/p>\n\n\n\n<ul class=\"wp-block-list\">\n<li>p\u0159\u00edstup k webov\u00e9mu u\u017eivatelsk\u00e9mu rozhran\u00ed (port\u00e1lu),  <\/li>\n\n\n\n<li>d\u00e1lkov\u00e9 ovl\u00e1d\u00e1n\u00ed p\u0159ipojen\u00fdch za\u0159\u00edzen\u00ed,<\/li>\n\n\n\n<li>\u00falo\u017en\u00fd prostor pro nahr\u00e1vky,<\/li>\n\n\n\n<li>funkce pro lep\u0161\u00ed pou\u017e\u00edv\u00e1n\u00ed kamery,<\/li>\n\n\n\n<li>pravideln\u00e9 sledov\u00e1n\u00ed,  <\/li>\n\n\n\n<li>zaznamen\u00e1v\u00e1n\u00ed v\u0161ech va\u0161ich aktivit,<\/li>\n\n\n\n<li>a komunikaci s jin\u00fdmi syst\u00e9my.<\/li>\n<\/ul>\n\n\n\n<p>Survilla m\u00e1 v\u00fdkonn\u00e9 servery, kter\u00e9 pracuj\u00ed podle nejnov\u011bj\u0161\u00edch pr\u016fmyslov\u00fdch a bezpe\u010dnostn\u00edch standard\u016f. D\u00edky sofistikovan\u00fdm monitorovac\u00edm n\u00e1stroj\u016fm a z\u00e1lohov\u00e1n\u00ed m\u016f\u017eeme zaru\u010dit dostupnost v 99 % p\u0159\u00edpad\u016f. <\/p>\n\n\n\n<div class=\"wp-block-group notice yellow\"><div class=\"wp-block-group__inner-container is-layout-constrained wp-block-group-is-layout-constrained\">\n<h4 class=\"wp-block-heading\" id=\"upozorneni\">UPOZORN\u011aN\u00cd<\/h4>\n\n\n\n<p>K platform\u011b lze p\u0159ipojit pouze IP kamery vyroben\u00e9 spole\u010dnost\u00ed Axis Communications AB. Analogov\u00e9 kamery lze p\u0159ipojit pouze pomoc\u00ed vybran\u00fdch model\u016f IP videokod\u00e9r\u016f spole\u010dnosti Axis Communications AB. <\/p>\n<\/div><\/div>\n\n\n\n<p><\/p>\n","protected":false},"excerpt":{"rendered":"<p>V\u00edtejte v Zde najdete v\u0161echny pot\u0159ebn\u00e9 informace o pou\u017e\u00edv\u00e1n\u00ed na\u0161eho cloudov\u00e9ho port\u00e1lu a mobiln\u00ed aplikace. Projd\u011bte si funkce port\u00e1lu a zjist\u00edte, jak je co nejefektivn\u011bji pou\u017e\u00edvat, a v sekci konfigurace&#8230;<\/p>\n","protected":false},"author":1,"featured_media":0,"parent":0,"menu_order":1,"comment_status":"closed","ping_status":"closed","template":"","meta":{"_acf_changed":false,"inline_featured_image":false,"_searchwp_excluded":"","footnotes":""},"class_list":["post-2629","page","type-page","status-publish","hentry"],"acf":[],"_links":{"self":[{"href":"https:\/\/znackarna.xyz\/cs\/wp-json\/wp\/v2\/pages\/2629","targetHints":{"allow":["GET"]}}],"collection":[{"href":"https:\/\/znackarna.xyz\/cs\/wp-json\/wp\/v2\/pages"}],"about":[{"href":"https:\/\/znackarna.xyz\/cs\/wp-json\/wp\/v2\/types\/page"}],"author":[{"embeddable":true,"href":"https:\/\/znackarna.xyz\/cs\/wp-json\/wp\/v2\/users\/1"}],"replies":[{"embeddable":true,"href":"https:\/\/znackarna.xyz\/cs\/wp-json\/wp\/v2\/comments?post=2629"}],"version-history":[{"count":5,"href":"https:\/\/znackarna.xyz\/cs\/wp-json\/wp\/v2\/pages\/2629\/revisions"}],"predecessor-version":[{"id":2937,"href":"https:\/\/znackarna.xyz\/cs\/wp-json\/wp\/v2\/pages\/2629\/revisions\/2937"}],"wp:attachment":[{"href":"https:\/\/znackarna.xyz\/cs\/wp-json\/wp\/v2\/media?parent=2629"}],"curies":[{"name":"wp","href":"https:\/\/api.w.org\/{rel}","templated":true}]}}